{"id":2390,"date":"2025-11-19T17:44:11","date_gmt":"2025-11-19T17:44:11","guid":{"rendered":"https:\/\/pagonas-home.com\/?page_id=2390"},"modified":"2025-12-03T11:22:50","modified_gmt":"2025-12-03T11:22:50","slug":"aura-ivory-natural-120x60","status":"publish","type":"page","link":"https:\/\/pagonas-home.com\/index.php\/aura-ivory-natural-120x60\/","title":{"rendered":"AURA IVORY NATURAL 120X60"},"content":{"rendered":"<div style=\"display: flex; justify-content: center; align-items: flex-start; gap: 10px; flex-wrap: wrap;\"><a href=\"https:\/\/pagonas-home.com\/wp-content\/uploads\/2025\/11\/AURA-IVORYF3.jpg\" target=\"_blank\" rel=\"noopener\"><img loading=\"lazy\" decoding=\"async\" class=\"alignnone wp-image-2393\" src=\"https:\/\/pagonas-home.com\/wp-content\/uploads\/2025\/11\/AURA-IVORYF2-300x150.jpg\" alt=\"\" width=\"250\" height=\"125\" srcset=\"https:\/\/pagonas-home.com\/wp-content\/uploads\/2025\/11\/AURA-IVORYF2-300x150.jpg 300w, https:\/\/pagonas-home.com\/wp-content\/uploads\/2025\/11\/AURA-IVORYF2-1024x512.jpg 1024w, https:\/\/pagonas-home.com\/wp-content\/uploads\/2025\/11\/AURA-IVORYF2-768x384.jpg 768w, https:\/\/pagonas-home.com\/wp-content\/uploads\/2025\/11\/AURA-IVORYF2.jpg 1280w\" sizes=\"auto, (max-width: 250px) 100vw, 250px\" \/><\/a> <a href=\"https:\/\/pagonas-home.com\/wp-content\/uploads\/2025\/11\/AURA-IVORYNATURAL120x60-10.jpg\" target=\"_blank\" rel=\"noopener\"><img loading=\"lazy\" decoding=\"async\" class=\"alignnone wp-image-2403\" src=\"https:\/\/pagonas-home.com\/wp-content\/uploads\/2025\/11\/AURA-IVORYNATURAL120x60-10-300x150.jpg\" alt=\"\" width=\"250\" height=\"125\" srcset=\"https:\/\/pagonas-home.com\/wp-content\/uploads\/2025\/11\/AURA-IVORYNATURAL120x60-10-300x150.jpg 300w, https:\/\/pagonas-home.com\/wp-content\/uploads\/2025\/11\/AURA-IVORYNATURAL120x60-10-1024x512.jpg 1024w, https:\/\/pagonas-home.com\/wp-content\/uploads\/2025\/11\/AURA-IVORYNATURAL120x60-10-768x384.jpg 768w, https:\/\/pagonas-home.com\/wp-content\/uploads\/2025\/11\/AURA-IVORYNATURAL120x60-10.jpg 1280w\" sizes=\"auto, (max-width: 250px) 100vw, 250px\" \/><\/a> <a href=\"https:\/\/pagonas-home.com\/wp-content\/uploads\/2025\/11\/AURA-IVORYNATURAL120x60-11.jpg\" target=\"_blank\" rel=\"noopener\"><img loading=\"lazy\" decoding=\"async\" class=\"alignnone wp-image-2404\" src=\"https:\/\/pagonas-home.com\/wp-content\/uploads\/2025\/11\/AURA-IVORYNATURAL120x60-11-300x150.jpg\" alt=\"\" width=\"250\" height=\"125\" srcset=\"https:\/\/pagonas-home.com\/wp-content\/uploads\/2025\/11\/AURA-IVORYNATURAL120x60-11-300x150.jpg 300w, https:\/\/pagonas-home.com\/wp-content\/uploads\/2025\/11\/AURA-IVORYNATURAL120x60-11-1024x512.jpg 1024w, https:\/\/pagonas-home.com\/wp-content\/uploads\/2025\/11\/AURA-IVORYNATURAL120x60-11-768x384.jpg 768w, https:\/\/pagonas-home.com\/wp-content\/uploads\/2025\/11\/AURA-IVORYNATURAL120x60-11.jpg 1280w\" sizes=\"auto, (max-width: 250px) 100vw, 250px\" \/><\/a> <a href=\"https:\/\/pagonas-home.com\/wp-content\/uploads\/2025\/11\/AURA-IVORYNATURAL120x60-12.jpg\" target=\"_blank\" rel=\"noopener\"><img loading=\"lazy\" decoding=\"async\" class=\"alignnone wp-image-2405\" src=\"https:\/\/pagonas-home.com\/wp-content\/uploads\/2025\/11\/AURA-IVORYNATURAL120x60-12-300x150.jpg\" alt=\"\" width=\"250\" height=\"125\" srcset=\"https:\/\/pagonas-home.com\/wp-content\/uploads\/2025\/11\/AURA-IVORYNATURAL120x60-12-300x150.jpg 300w, https:\/\/pagonas-home.com\/wp-content\/uploads\/2025\/11\/AURA-IVORYNATURAL120x60-12-1024x512.jpg 1024w, https:\/\/pagonas-home.com\/wp-content\/uploads\/2025\/11\/AURA-IVORYNATURAL120x60-12-768x384.jpg 768w, https:\/\/pagonas-home.com\/wp-content\/uploads\/2025\/11\/AURA-IVORYNATURAL120x60-12.jpg 1280w\" sizes=\"auto, (max-width: 250px) 100vw, 250px\" \/><\/a><\/div>\n<div style=\"display: flex; justify-content: center; align-items: flex-start; gap: 10px; flex-wrap: wrap;\"><a href=\"https:\/\/pagonas-home.com\/wp-content\/uploads\/2025\/11\/AURA-IVORYNATURAL120x60-13.jpg\" target=\"_blank\" rel=\"noopener\"><img loading=\"lazy\" decoding=\"async\" class=\"alignnone wp-image-2406\" src=\"https:\/\/pagonas-home.com\/wp-content\/uploads\/2025\/11\/AURA-IVORYNATURAL120x60-13-300x150.jpg\" alt=\"\" width=\"250\" height=\"125\" srcset=\"https:\/\/pagonas-home.com\/wp-content\/uploads\/2025\/11\/AURA-IVORYNATURAL120x60-13-300x150.jpg 300w, https:\/\/pagonas-home.com\/wp-content\/uploads\/2025\/11\/AURA-IVORYNATURAL120x60-13-1024x512.jpg 1024w, https:\/\/pagonas-home.com\/wp-content\/uploads\/2025\/11\/AURA-IVORYNATURAL120x60-13-768x384.jpg 768w, https:\/\/pagonas-home.com\/wp-content\/uploads\/2025\/11\/AURA-IVORYNATURAL120x60-13.jpg 1280w\" sizes=\"auto, (max-width: 250px) 100vw, 250px\" \/><\/a> <a href=\"https:\/\/pagonas-home.com\/wp-content\/uploads\/2025\/11\/AURA-IVORYNATURAL120x60-14.jpg\" target=\"_blank\" rel=\"noopener\"><img loading=\"lazy\" decoding=\"async\" class=\"alignnone wp-image-2407\" src=\"https:\/\/pagonas-home.com\/wp-content\/uploads\/2025\/11\/AURA-IVORYNATURAL120x60-14-300x150.jpg\" alt=\"\" width=\"250\" height=\"125\" srcset=\"https:\/\/pagonas-home.com\/wp-content\/uploads\/2025\/11\/AURA-IVORYNATURAL120x60-14-300x150.jpg 300w, https:\/\/pagonas-home.com\/wp-content\/uploads\/2025\/11\/AURA-IVORYNATURAL120x60-14-1024x512.jpg 1024w, https:\/\/pagonas-home.com\/wp-content\/uploads\/2025\/11\/AURA-IVORYNATURAL120x60-14-768x384.jpg 768w, https:\/\/pagonas-home.com\/wp-content\/uploads\/2025\/11\/AURA-IVORYNATURAL120x60-14.jpg 1280w\" sizes=\"auto, (max-width: 250px) 100vw, 250px\" \/><\/a> <a href=\"https:\/\/pagonas-home.com\/wp-content\/uploads\/2025\/11\/AURA-IVORYNATURAL120x60-15.jpg\" target=\"_blank\" rel=\"noopener\"><img loading=\"lazy\" decoding=\"async\" class=\"alignnone wp-image-2408\" src=\"https:\/\/pagonas-home.com\/wp-content\/uploads\/2025\/11\/AURA-IVORYNATURAL120x60-15-300x150.jpg\" alt=\"\" width=\"250\" height=\"125\" srcset=\"https:\/\/pagonas-home.com\/wp-content\/uploads\/2025\/11\/AURA-IVORYNATURAL120x60-15-300x150.jpg 300w, https:\/\/pagonas-home.com\/wp-content\/uploads\/2025\/11\/AURA-IVORYNATURAL120x60-15-1024x512.jpg 1024w, https:\/\/pagonas-home.com\/wp-content\/uploads\/2025\/11\/AURA-IVORYNATURAL120x60-15-768x384.jpg 768w, https:\/\/pagonas-home.com\/wp-content\/uploads\/2025\/11\/AURA-IVORYNATURAL120x60-15.jpg 1280w\" sizes=\"auto, (max-width: 250px) 100vw, 250px\" \/><\/a> <a href=\"https:\/\/pagonas-home.com\/wp-content\/uploads\/2025\/11\/AURA-IVORYNATURAL120x60-16.jpg\" target=\"_blank\" rel=\"noopener\"><img loading=\"lazy\" decoding=\"async\" class=\"alignnone wp-image-2409\" src=\"https:\/\/pagonas-home.com\/wp-content\/uploads\/2025\/11\/AURA-IVORYNATURAL120x60-16-300x150.jpg\" alt=\"\" width=\"250\" height=\"125\" srcset=\"https:\/\/pagonas-home.com\/wp-content\/uploads\/2025\/11\/AURA-IVORYNATURAL120x60-16-300x150.jpg 300w, https:\/\/pagonas-home.com\/wp-content\/uploads\/2025\/11\/AURA-IVORYNATURAL120x60-16-1024x512.jpg 1024w, https:\/\/pagonas-home.com\/wp-content\/uploads\/2025\/11\/AURA-IVORYNATURAL120x60-16-768x384.jpg 768w, https:\/\/pagonas-home.com\/wp-content\/uploads\/2025\/11\/AURA-IVORYNATURAL120x60-16.jpg 1280w\" sizes=\"auto, (max-width: 250px) 100vw, 250px\" \/><\/a><\/div>\n<p>&nbsp;<\/p>\n<ul>\n<li>\u0393\u03c1\u03b1\u03bd\u03b9\u03c4\u03bf\u03c0\u03bb\u03b1\u03ba\u03ac\u03ba\u03b9\u00a0<strong>AURA IVORY <\/strong><strong>NATURAL 120\u00d760 rectificato<\/strong>\u00a0(\u03ba\u03bf\u03bc\u03bc\u03ad\u03bd\u03bf \u03bc\u03b5 \u03bb\u03ad\u03b9\u03b6\u03b5\u03c1) \u03c4\u03bf\u03c5\u00a0<strong>\u0399\u03a3\u03a0\u0391\u039d\u0399\u039a\u039f\u03a5<\/strong>\u00a0\u03b5\u03c1\u03b3\u03bf\u03c3\u03c4\u03b1\u03c3\u03af\u03bf\u03c5\u00a0<strong>AZULEXOS BENADRESA<\/strong>, \u03b5\u03c3\u03c9\u03c4\u03b5\u03c1\u03b9\u03ba\u03bf\u03cd \u03c7\u03ce\u03c1\u03bf\u03c5, (\u03bc\u03c0\u03ac\u03bd\u03b9\u03b1, \u03b4\u03ac\u03c0\u03b5\u03b4\u03b1, \u03c0\u03ac\u03b3\u03ba\u03bf\u03c5\u03c2).<\/li>\n<\/ul>\n<ul>\n<li>\u0394\u03b9\u03b1\u03c4\u03af\u03b8\u03b5\u03c4\u03b1\u03b9 \u03c3\u03b5 \u03b4\u03c5\u03bf \u03c5\u03c6\u03ad\u03c2:\u00a0<strong>NATURAL<\/strong>\u00a0(\u03b3\u03c5\u03b1\u03bb\u03b9\u03c3\u03c4\u03b5\u03c1\u03cc),\u03ba\u03b1\u03b9 \u03c3\u03b5\u00a0<strong>PULIDO<\/strong><strong>\u00a0<\/strong>(\u03bc\u03b1\u03c4) \u03bc\u03b5 15 \u03b5\u03bd\u03b1\u03bb\u03bb\u03b1\u03b3\u03ad\u03c2 \u03c7\u03c1\u03ce\u03bc\u03b1\u03c4\u03bf\u03c2 \u03c4\u03b7\u03c2 \u03af\u03b4\u03b9\u03b1\u03c2 \u03b1\u03c0\u03cc\u03c7\u03c1\u03c9\u03c3\u03b7\u03c2<\/li>\n<\/ul>\n<ul>\n<li>\u03a0\u03c1\u03bf\u03c3\u03c6\u03ad\u03c1\u03b5\u03c4\u03b1\u03b9 \u03b5\u03c0\u03af\u03c3\u03b7\u03c2 \u03ba\u03b1\u03b9 \u03c3\u03c4\u03b9\u03c2 \u03b5\u03be\u03ae\u03c2 \u03b4\u03b9\u03b1\u03c3\u03c4\u03ac\u03c3\u03b5\u03b9\u03c2: 80\u00d780, 280\u00d7120, 120\u00d7120, \u03ba\u03b1\u03b9 160\u00d780.<\/li>\n<\/ul>\n<ul>\n<li>\u03a4\u03b9\u03bc\u03ae:\u00a0<strong>AURA IVORY NATURAL 120\u00d760<\/strong> &#8211; \u00a0<strong>25.00<\/strong>\u00a0<strong>\u20ac\/m\u00b2 <\/strong><strong>\u03bc\u03b5<\/strong> <strong>\u03a6\u03a0\u0391<\/strong><strong>.<\/strong><\/li>\n<\/ul>\n<ul>\n<li>\u0393\u03b9\u03b1 \u03bf\u03c0\u03bf\u03b9\u03b1\u03b4\u03ae\u03c0\u03bf\u03c4\u03b5 \u03b4\u03b9\u03b5\u03c5\u03ba\u03c1\u03af\u03bd\u03b7\u03c3\u03b7 \u03ae \u03b1\u03c0\u03bf\u03c1\u03af\u03b1 \u03bc\u03b7 \u03b4\u03b9\u03c3\u03c4\u03ac\u03c3\u03b5\u03c4\u03b5 \u03bd\u03b1 \u03bc\u03b1\u03c2 \u03c4\u03b7\u03bb\u03b5\u03c6\u03c9\u03bd\u03ae\u03c3\u03b5\u03c4\u03b5: <strong>2102311074 &#8211; 2102314832 &#8211; 6946031020<\/strong><\/li>\n<\/ul>\n<p>&nbsp;<\/p>\n<p style=\"text-align: center;\"><a href=\"https:\/\/pagonas-home.com\/wp-content\/uploads\/2025\/11\/AURA-PULIDO.pdf\" target=\"_blank\" rel=\"noopener\"><strong>\u03a0\u0395\u03a1\u0399\u03a3\u03a3\u039f\u03a4\u0395\u03a1\u0395\u03a3 \u03a0\u039b\u0397\u03a1\u039f\u03a6\u039f\u03a1\u0399\u0395\u03a3<\/strong><\/a><\/p>\n","protected":false},"excerpt":{"rendered":"<p>&nbsp; \u0393\u03c1\u03b1\u03bd\u03b9\u03c4\u03bf\u03c0\u03bb\u03b1\u03ba\u03ac\u03ba\u03b9\u00a0AURA IVORY NATURAL 120\u00d760 rectificato\u00a0(\u03ba\u03bf\u03bc\u03bc\u03ad\u03bd\u03bf \u03bc\u03b5 \u03bb\u03ad\u03b9\u03b6\u03b5\u03c1) \u03c4\u03bf\u03c5\u00a0\u0399\u03a3\u03a0\u0391\u039d\u0399\u039a\u039f\u03a5\u00a0\u03b5\u03c1\u03b3\u03bf\u03c3\u03c4\u03b1\u03c3\u03af\u03bf\u03c5\u00a0AZULEXOS BENADRESA, \u03b5\u03c3\u03c9\u03c4\u03b5\u03c1\u03b9\u03ba\u03bf\u03cd \u03c7\u03ce\u03c1\u03bf\u03c5, (\u03bc\u03c0\u03ac\u03bd\u03b9\u03b1, \u03b4\u03ac\u03c0\u03b5\u03b4\u03b1, \u03c0\u03ac\u03b3\u03ba\u03bf\u03c5\u03c2). \u0394\u03b9\u03b1\u03c4\u03af\u03b8\u03b5\u03c4\u03b1\u03b9 \u03c3\u03b5 \u03b4\u03c5\u03bf \u03c5\u03c6\u03ad\u03c2:\u00a0NATURAL\u00a0(\u03b3\u03c5\u03b1\u03bb\u03b9\u03c3\u03c4\u03b5\u03c1\u03cc),\u03ba\u03b1\u03b9 \u03c3\u03b5\u00a0PULIDO\u00a0(\u03bc\u03b1\u03c4) \u03bc\u03b5 15 \u03b5\u03bd\u03b1\u03bb\u03bb\u03b1\u03b3\u03ad\u03c2 \u03c7\u03c1\u03ce\u03bc\u03b1\u03c4\u03bf\u03c2 \u03c4\u03b7\u03c2 \u03af\u03b4\u03b9\u03b1\u03c2 \u03b1\u03c0\u03cc\u03c7\u03c1\u03c9\u03c3\u03b7\u03c2 \u03a0\u03c1\u03bf\u03c3\u03c6\u03ad\u03c1\u03b5\u03c4\u03b1\u03b9 \u03b5\u03c0\u03af\u03c3\u03b7\u03c2 \u03ba\u03b1\u03b9 \u03c3\u03c4\u03b9\u03c2 \u03b5\u03be\u03ae\u03c2 \u03b4\u03b9\u03b1\u03c3\u03c4\u03ac\u03c3\u03b5\u03b9\u03c2: 80\u00d780,&#46;&#46;&#46;<\/p>\n","protected":false},"author":1,"featured_media":0,"parent":0,"menu_order":0,"comment_status":"closed","ping_status":"closed","template":"","meta":{"footnotes":""},"class_list":["post-2390","page","type-page","status-publish","hentry"],"_links":{"self":[{"href":"https:\/\/pagonas-home.com\/index.php\/wp-json\/wp\/v2\/pages\/2390","targetHints":{"allow":["GET"]}}],"collection":[{"href":"https:\/\/pagonas-home.com\/index.php\/wp-json\/wp\/v2\/pages"}],"about":[{"href":"https:\/\/pagonas-home.com\/index.php\/wp-json\/wp\/v2\/types\/page"}],"author":[{"embeddable":true,"href":"https:\/\/pagonas-home.com\/index.php\/wp-json\/wp\/v2\/users\/1"}],"replies":[{"embeddable":true,"href":"https:\/\/pagonas-home.com\/index.php\/wp-json\/wp\/v2\/comments?post=2390"}],"version-history":[{"count":13,"href":"https:\/\/pagonas-home.com\/index.php\/wp-json\/wp\/v2\/pages\/2390\/revisions"}],"predecessor-version":[{"id":3296,"href":"https:\/\/pagonas-home.com\/index.php\/wp-json\/wp\/v2\/pages\/2390\/revisions\/3296"}],"wp:attachment":[{"href":"https:\/\/pagonas-home.com\/index.php\/wp-json\/wp\/v2\/media?parent=2390"}],"curies":[{"name":"wp","href":"https:\/\/api.w.org\/{rel}","templated":true}]}}